{"id":3675,"date":"2016-03-17T12:08:00","date_gmt":"2016-03-17T11:08:00","guid":{"rendered":"https:\/\/www.stadtrundgaenge-leipzig.de\/ueber-mich\/"},"modified":"2020-01-23T16:37:54","modified_gmt":"2020-01-23T15:37:54","slug":"about-me","status":"publish","type":"page","link":"https:\/\/www.stadtrundgaenge-leipzig.de\/en\/about-me\/","title":{"rendered":"About me"},"content":{"rendered":"\n<style type=\"text\/css\" data-created_by=\"avia_inline_auto\" id=\"style-css-av-av_heading-37495c0e8fe4d82189161fa1281803fd\">\n#top .av-special-heading.av-av_heading-37495c0e8fe4d82189161fa1281803fd{\npadding-bottom:10px;\n}\nbody .av-special-heading.av-av_heading-37495c0e8fe4d82189161fa1281803fd .av-special-heading-tag .heading-char{\nfont-size:25px;\n}\n.av-special-heading.av-av_heading-37495c0e8fe4d82189161fa1281803fd .av-subheading{\nfont-size:15px;\n}\n<\/style>\n<div  class='av-special-heading av-av_heading-37495c0e8fe4d82189161fa1281803fd av-special-heading-h1 blockquote modern-quote  avia-builder-el-0  el_before_av_textblock  avia-builder-el-first '><h1 class='av-special-heading-tag '  itemprop=\"headline\"  >\u00dcber mich<\/h1><div class=\"special-heading-border\"><div class=\"special-heading-inner-border\"><\/div><\/div><\/div>\n<section  class='av_textblock_section av-6xp9m3-0d7b3e1b5f947752d48c45089e1e01af '   itemscope=\"itemscope\" itemtype=\"https:\/\/schema.org\/CreativeWork\" ><div class='avia_textblock'  itemprop=\"text\" ><p style=\"text-align: justify;\"><strong>Lebenslauf | Passion: Leipzig und Reisen um den ganzen Globus<\/strong><\/p>\n<p style=\"text-align: justify;\"><strong>Desweiteren: Geschichte und Architektur, fremde Kulturen und Sprachen, Wanderungen, offener Umgang mit allen Menschen die mir auf meiner Reise begegnen, meine Lieblingsstadt Leipzig<\/strong><\/p>\n<p style=\"text-align: justify;\">Meine Leidenschaft begann in einem Bergdorf in der Oberlausitz. Schon als 7-j\u00e4hriger w\u00fcnschte ich mir von Eltern nichts anderes als Landkarten, Reisef\u00fchrer und Geschichtsb\u00fccher. Darin las ich die Namen entlegendster Bergd\u00f6rfer im Himalaya oder fuhr mit dem Finger franz\u00f6sische K\u00fcstenstra\u00dfen ab. Auf Reisen mit meiner Familie war fortan ich es, der, mit der Landkarte auf dem Scho\u00df,uns durch Andalusien, Italien und Norwegen lotste. Direkt vor Ort wusste ich alle Sehensw\u00fcrdigkeiten und lies keine Gelegenheit ungenutzt, auch wirklich alle zu sehen.<\/p>\n<p style=\"text-align: justify;\">Heute lebe ich bereits seit einigen Jahren in Leipzig und m\u00f6chte Ihnen als Geschichts- und Architekturbegeisterer Leipzig-Kenner mein Wissen \u00fcber die Stadt vermitteln. Dabei laufen wir nicht nur \u00fcber die bekannten Touristenpfade, sondern erkunden auch weniger bekannte aber nicht weniger reizvolle Ecken.<\/p>\n<p style=\"text-align: justify;\">Sollten Sie Lust auf Landluft und Ausflugsfahrten in die s\u00e4chsische und th\u00fcringische Umgebung von Leipzig versp\u00fcren biete ich sowohl Ausflugsfahrten f\u00fcr Senioren als auch temporeiche Touren f\u00fcr Leute in meinem Alter an. Au\u00dferdem k\u00f6nnen Sie mich f\u00fcr eine Reisebegleitung an alle Orte der Welt buchen.<\/p>\n<\/div><\/section>\n<section  class='av_textblock_section av-6d6vtn-076279abed19cda40969110cd80a0a6c '   itemscope=\"itemscope\" itemtype=\"https:\/\/schema.org\/CreativeWork\" ><div class='avia_textblock'  itemprop=\"text\" ><p><strong>seit 2008<\/strong> aktiv als Reisebegleiter und Stadtf\u00fchrer in Leipzig &#8211; und seit 2013 hauptberuflich t\u00e4tig<br \/>\n<strong>11\/2005 &#8211; 02\/2007<\/strong> Ausbildung Touristikfachkraft-Reiseverkehr in M\u00fcnchen<br \/>\n<strong>09\/1999 &#8211; 06\/2002<\/strong> Ausbildung zum Fremdsprachenkorrespondent in Zittau<br \/>\n<strong>Sprachen<\/strong> Muttersprache Deutsch, flie\u00dfend Englisch<br \/>\n<strong>USA<\/strong> 1998: einj\u00e4hriger Auslandsaufenthalt in St. Louis, USA<br \/>\n<strong>Jahrgang<\/strong> 1981 &#8211; geboren in Zittau | Oberlausitz<\/p>\n<\/div><\/section>\n\n<style type=\"text\/css\" data-created_by=\"avia_inline_auto\" id=\"style-css-av-4l47p7-b19ee8961ab3e2209aaac55e2814d207\">\n.avia-image-container.av-4l47p7-b19ee8961ab3e2209aaac55e2814d207 img.avia_image{\nbox-shadow:none;\n}\n.avia-image-container.av-4l47p7-b19ee8961ab3e2209aaac55e2814d207 .av-image-caption-overlay-center{\ncolor:#ffffff;\n}\n<\/style>\n<div  class='avia-image-container av-4l47p7-b19ee8961ab3e2209aaac55e2814d207 av-styling- avia-align-center  avia-builder-el-3  el_after_av_textblock  el_before_av_textblock '   itemprop=\"image\" itemscope=\"itemscope\" itemtype=\"https:\/\/schema.org\/ImageObject\" ><div class=\"avia-image-container-inner\"><div class=\"avia-image-overlay-wrap\"><img decoding=\"async\" fetchpriority=\"high\" class='wp-image-3797 avia-img-lazy-loading-not-3797 avia_image ' src=\"https:\/\/www.stadtrundgaenge-leipzig.de\/wp-content\/uploads\/2016\/03\/Falk_Hartwig_Stadtfuehrungen_Leipzig-1.jpg\" alt='' title='Falk_Hartwig_Stadtfuehrungen_Leipzig'  height=\"432\" width=\"960\"  itemprop=\"thumbnailUrl\"  \/><\/div><\/div><\/div>\n<section  class='av_textblock_section av-31boln-b47ec1354e15100fe71aa948468ed2ed '   itemscope=\"itemscope\" itemtype=\"https:\/\/schema.org\/CreativeWork\" ><div class='avia_textblock'  itemprop=\"text\" ><p><strong>Reisen der letzten Jahre:<\/strong> T\u00fcrkei | Teneriffa &#8211; USA <strong>2000<\/strong> Oman <strong>2001<\/strong> Prag | \u00d6sterreich <strong>2002<\/strong> Reise nach und durch Thailand, Nordmalaysia | Rundreise durch ganz Frankreich &#8211; <strong>2004<\/strong> 6-monatiger Aufenthalt auf Koh Samui (Thailand), Bangkok, S\u00fcdthailand &#8211; <strong>2005<\/strong> Norditalien <strong>2006<\/strong> Paris | Madrid <strong>2007<\/strong> Rundreise durch Spanien und Portugal | Norditalien &#8211; Mailand + Venedig &#8211; <strong>2008<\/strong> Malaysia | Singapur | S\u00fcdspanien &#8211; Costa Blanca | Andalusien | London | Istanbul | Athen | Budapest | Barcelona | Wien | Tessin <strong>2009<\/strong> Malaysia | Indonesien | Brunei | Iran | Abu Dhabi | Kairo | Breslau | Danzig | Paris <strong>2010<\/strong> Holland | Riga | Posen | Neapel | Wien <strong>2011<\/strong> Krakau | Stettin | K\u00f6ln <strong> 2012<\/strong> Prag | Bremen <strong>2013<\/strong> Marokko <strong>2016<\/strong> Schweiz <strong>2017<\/strong> Warschau \/ Japan \/ Slowakei \/ R\u00fcgen <strong>2018<\/strong> Budapest \/ Schweiz-Bern \/ u.v.v.m.<\/p>\n<\/div><\/section>\n","protected":false},"excerpt":{"rendered":"","protected":false},"author":1,"featured_media":0,"parent":0,"menu_order":0,"comment_status":"closed","ping_status":"closed","template":"","meta":{"footnotes":""},"class_list":["post-3675","page","type-page","status-publish","hentry"],"yoast_head":"<!-- This site is optimized with the Yoast SEO plugin v27.4 - https:\/\/yoast.com\/product\/yoast-seo-wordpress\/ -->\n<title>Private Stadtf\u00fchrung Leipzig<\/title>\n<meta name=\"robots\" content=\"index, follow, max-snippet:-1, max-image-preview:large, max-video-preview:-1\" \/>\n<link rel=\"canonical\" href=\"https:\/\/www.stadtrundgaenge-leipzig.de\/en\/about-me\/\" \/>\n<meta property=\"og:locale\" content=\"en_US\" \/>\n<meta property=\"og:type\" content=\"article\" \/>\n<meta property=\"og:title\" content=\"Private Stadtf\u00fchrung Leipzig\" \/>\n<meta property=\"og:url\" content=\"https:\/\/www.stadtrundgaenge-leipzig.de\/en\/about-me\/\" \/>\n<meta property=\"og:site_name\" content=\"Falk Hartwig Stadtf\u00fchrung Leipzig-Privatf\u00fchrungen\" \/>\n<meta property=\"article:modified_time\" content=\"2020-01-23T15:37:54+00:00\" \/>\n<meta name=\"twitter:card\" content=\"summary_large_image\" \/>\n<meta name=\"twitter:label1\" content=\"Est. reading time\" \/>\n\t<meta name=\"twitter:data1\" content=\"3 minutes\" \/>\n<script type=\"application\/ld+json\" class=\"yoast-schema-graph\">{\"@context\":\"https:\\\/\\\/schema.org\",\"@graph\":[{\"@type\":\"WebPage\",\"@id\":\"https:\\\/\\\/www.stadtrundgaenge-leipzig.de\\\/en\\\/about-me\\\/\",\"url\":\"https:\\\/\\\/www.stadtrundgaenge-leipzig.de\\\/en\\\/about-me\\\/\",\"name\":\"Private Stadtf\u00fchrung Leipzig\",\"isPartOf\":{\"@id\":\"https:\\\/\\\/www.stadtrundgaenge-leipzig.de\\\/#website\"},\"datePublished\":\"2016-03-17T11:08:00+00:00\",\"dateModified\":\"2020-01-23T15:37:54+00:00\",\"breadcrumb\":{\"@id\":\"https:\\\/\\\/www.stadtrundgaenge-leipzig.de\\\/en\\\/about-me\\\/#breadcrumb\"},\"inLanguage\":\"en-US\",\"potentialAction\":[{\"@type\":\"ReadAction\",\"target\":[\"https:\\\/\\\/www.stadtrundgaenge-leipzig.de\\\/en\\\/about-me\\\/\"]}]},{\"@type\":\"BreadcrumbList\",\"@id\":\"https:\\\/\\\/www.stadtrundgaenge-leipzig.de\\\/en\\\/about-me\\\/#breadcrumb\",\"itemListElement\":[{\"@type\":\"ListItem\",\"position\":1,\"name\":\"Home\",\"item\":\"https:\\\/\\\/www.stadtrundgaenge-leipzig.de\\\/en\\\/\"},{\"@type\":\"ListItem\",\"position\":2,\"name\":\"About me\"}]},{\"@type\":\"WebSite\",\"@id\":\"https:\\\/\\\/www.stadtrundgaenge-leipzig.de\\\/#website\",\"url\":\"https:\\\/\\\/www.stadtrundgaenge-leipzig.de\\\/\",\"name\":\"Falk Hartwig Stadtf\u00fchrung Leipzig-Privatf\u00fchrungen\",\"description\":\"Individuelle und Private Stadtf\u00fchrungen in Leipzig\",\"potentialAction\":[{\"@type\":\"SearchAction\",\"target\":{\"@type\":\"EntryPoint\",\"urlTemplate\":\"https:\\\/\\\/www.stadtrundgaenge-leipzig.de\\\/?s={search_term_string}\"},\"query-input\":{\"@type\":\"PropertyValueSpecification\",\"valueRequired\":true,\"valueName\":\"search_term_string\"}}],\"inLanguage\":\"en-US\"}]}<\/script>\n<!-- \/ Yoast SEO plugin. -->","yoast_head_json":{"title":"Private Stadtf\u00fchrung Leipzig","robots":{"index":"index","follow":"follow","max-snippet":"max-snippet:-1","max-image-preview":"max-image-preview:large","max-video-preview":"max-video-preview:-1"},"canonical":"https:\/\/www.stadtrundgaenge-leipzig.de\/en\/about-me\/","og_locale":"en_US","og_type":"article","og_title":"Private Stadtf\u00fchrung Leipzig","og_url":"https:\/\/www.stadtrundgaenge-leipzig.de\/en\/about-me\/","og_site_name":"Falk Hartwig Stadtf\u00fchrung Leipzig-Privatf\u00fchrungen","article_modified_time":"2020-01-23T15:37:54+00:00","twitter_card":"summary_large_image","twitter_misc":{"Est. reading time":"3 minutes"},"schema":{"@context":"https:\/\/schema.org","@graph":[{"@type":"WebPage","@id":"https:\/\/www.stadtrundgaenge-leipzig.de\/en\/about-me\/","url":"https:\/\/www.stadtrundgaenge-leipzig.de\/en\/about-me\/","name":"Private Stadtf\u00fchrung Leipzig","isPartOf":{"@id":"https:\/\/www.stadtrundgaenge-leipzig.de\/#website"},"datePublished":"2016-03-17T11:08:00+00:00","dateModified":"2020-01-23T15:37:54+00:00","breadcrumb":{"@id":"https:\/\/www.stadtrundgaenge-leipzig.de\/en\/about-me\/#breadcrumb"},"inLanguage":"en-US","potentialAction":[{"@type":"ReadAction","target":["https:\/\/www.stadtrundgaenge-leipzig.de\/en\/about-me\/"]}]},{"@type":"BreadcrumbList","@id":"https:\/\/www.stadtrundgaenge-leipzig.de\/en\/about-me\/#breadcrumb","itemListElement":[{"@type":"ListItem","position":1,"name":"Home","item":"https:\/\/www.stadtrundgaenge-leipzig.de\/en\/"},{"@type":"ListItem","position":2,"name":"About me"}]},{"@type":"WebSite","@id":"https:\/\/www.stadtrundgaenge-leipzig.de\/#website","url":"https:\/\/www.stadtrundgaenge-leipzig.de\/","name":"Falk Hartwig Stadtf\u00fchrung Leipzig-Privatf\u00fchrungen","description":"Individuelle und Private Stadtf\u00fchrungen in Leipzig","potentialAction":[{"@type":"SearchAction","target":{"@type":"EntryPoint","urlTemplate":"https:\/\/www.stadtrundgaenge-leipzig.de\/?s={search_term_string}"},"query-input":{"@type":"PropertyValueSpecification","valueRequired":true,"valueName":"search_term_string"}}],"inLanguage":"en-US"}]}},"_links":{"self":[{"href":"https:\/\/www.stadtrundgaenge-leipzig.de\/en\/wp-json\/wp\/v2\/pages\/3675","targetHints":{"allow":["GET"]}}],"collection":[{"href":"https:\/\/www.stadtrundgaenge-leipzig.de\/en\/wp-json\/wp\/v2\/pages"}],"about":[{"href":"https:\/\/www.stadtrundgaenge-leipzig.de\/en\/wp-json\/wp\/v2\/types\/page"}],"author":[{"embeddable":true,"href":"https:\/\/www.stadtrundgaenge-leipzig.de\/en\/wp-json\/wp\/v2\/users\/1"}],"replies":[{"embeddable":true,"href":"https:\/\/www.stadtrundgaenge-leipzig.de\/en\/wp-json\/wp\/v2\/comments?post=3675"}],"version-history":[{"count":4,"href":"https:\/\/www.stadtrundgaenge-leipzig.de\/en\/wp-json\/wp\/v2\/pages\/3675\/revisions"}],"predecessor-version":[{"id":3817,"href":"https:\/\/www.stadtrundgaenge-leipzig.de\/en\/wp-json\/wp\/v2\/pages\/3675\/revisions\/3817"}],"wp:attachment":[{"href":"https:\/\/www.stadtrundgaenge-leipzig.de\/en\/wp-json\/wp\/v2\/media?parent=3675"}],"curies":[{"name":"wp","href":"https:\/\/api.w.org\/{rel}","templated":true}]}}