{"id":3673,"date":"2016-03-17T12:26:42","date_gmt":"2016-03-17T11:26:42","guid":{"rendered":"https:\/\/www.stadtrundgaenge-leipzig.de\/touren\/"},"modified":"2020-01-23T16:37:32","modified_gmt":"2020-01-23T15:37:32","slug":"tour","status":"publish","type":"page","link":"https:\/\/www.stadtrundgaenge-leipzig.de\/en\/tour\/","title":{"rendered":"Tour"},"content":{"rendered":"\n<style type=\"text\/css\" data-created_by=\"avia_inline_auto\" id=\"style-css-av-av_heading-e7133ab07146087f5f74e1035a74c138\">\n#top .av-special-heading.av-av_heading-e7133ab07146087f5f74e1035a74c138{\npadding-bottom:10px;\n}\nbody .av-special-heading.av-av_heading-e7133ab07146087f5f74e1035a74c138 .av-special-heading-tag .heading-char{\nfont-size:25px;\n}\n.av-special-heading.av-av_heading-e7133ab07146087f5f74e1035a74c138 .av-subheading{\nfont-size:15px;\n}\n<\/style>\n<div  class='av-special-heading av-av_heading-e7133ab07146087f5f74e1035a74c138 av-special-heading-h1 blockquote modern-quote  avia-builder-el-0  el_before_av_one_full  avia-builder-el-first '><h1 class='av-special-heading-tag '  itemprop=\"headline\"  >Touren und Stadtf\u00fchrungen in Leipzig &#8211; ganz entspannt in lockerer Atmosph\u00e4re! Lernen Sie die Messemetropole kennen und schlendern Sie auf bekannten aber auch versteckten Pfaden<\/h1><div class=\"special-heading-border\"><div class=\"special-heading-inner-border\"><\/div><\/div><\/div>\n\n<style type=\"text\/css\" data-created_by=\"avia_inline_auto\" id=\"style-css-av-av_one_full-9497bbf8bff73ea4c6992cc17fa9ec36\">\n.flex_column.av-av_one_full-9497bbf8bff73ea4c6992cc17fa9ec36{\nborder-radius:0px 0px 0px 0px;\npadding:0px 0px 0px 0px;\n}\n<\/style>\n<div  class='flex_column av-av_one_full-9497bbf8bff73ea4c6992cc17fa9ec36 av_one_full  avia-builder-el-1  el_after_av_heading  el_before_av_heading  first flex_column_div av-zero-column-padding  '     ><p>\n<style type=\"text\/css\" data-created_by=\"avia_inline_auto\" id=\"style-css-av-av_heading-a016dd61f5fdc8f0a683e13722f520e8\">\n#top .av-special-heading.av-av_heading-a016dd61f5fdc8f0a683e13722f520e8{\npadding-bottom:10px;\n}\nbody .av-special-heading.av-av_heading-a016dd61f5fdc8f0a683e13722f520e8 .av-special-heading-tag .heading-char{\nfont-size:25px;\n}\n.av-special-heading.av-av_heading-a016dd61f5fdc8f0a683e13722f520e8 .av-subheading{\nfont-size:15px;\n}\n<\/style>\n<div  class='av-special-heading av-av_heading-a016dd61f5fdc8f0a683e13722f520e8 av-special-heading-h2  avia-builder-el-2  el_before_av_portfolio  avia-builder-el-no-sibling '><h2 class='av-special-heading-tag '  itemprop=\"headline\"  >Spannende und interessante Rundg\u00e4nge durch Leipzig<\/h2><div class=\"special-heading-border\"><div class=\"special-heading-inner-border\"><\/div><\/div><\/div><br \/>\n<div  id=\"av-sc-portfolio-1\"  class=\"av-portfolio-grid-sorting-container\"><div class='sort_width_container  av-sort-yes' data-portfolio-id='1' ><div id='js_sort_items' ><div class='sort_by_cat hidden'><a href=\"#\" data-filter=\"all_sort\" class=\"all_sort_button active_sort\"><span class=\"inner_sort_button\"><span>All<\/span><small class=\"av-cat-count\"> 6 <\/small><\/span><\/a><span class=\"text-sep tour_sort_sep\">\/<\/span><a href=\"#\" data-filter=\"tour_sort\" class=\"tour_sort_button\" ><span class=\"inner_sort_button\"><span>Tour<\/span><small class=\"av-cat-count\"> 6 <\/small><\/span><\/a><\/div><\/div><\/div><div  class=' grid-sort-container isotope   no_margin-container with-excerpt-container grid-total-even grid-col-3 grid-links-' data-portfolio-id='1'><div data-ajax-id='3709' class=' grid-entry flex_column isotope-item all_sort no_margin post-entry post-entry-3709 grid-entry-overview grid-loop-1 grid-parity-odd  tour_sort  av_one_third first default_av_fullwidth '><article class='main_color inner-entry'  itemscope=\"itemscope\" itemtype=\"https:\/\/schema.org\/CreativeWork\" ><a href=\"https:\/\/www.stadtrundgaenge-leipzig.de\/en\/touren-ausfluege\/leipzigs-gruenderzeitviertel-die-architekturfuehrung\/\" title='Leipzigs Gr\u00fcnderzeitviertel &#8211; die Architekturf\u00fchrung'  data-rel='grid-1' class='grid-image avia-hover-fx'> <img decoding=\"async\" fetchpriority=\"high\" width=\"495\" height=\"400\" src=\"https:\/\/www.stadtrundgaenge-leipzig.de\/wp-content\/uploads\/2016\/03\/waldstrassenviertel_leipzig_1-1-495x400.jpg\" class=\"wp-image-3710 avia-img-lazy-loading-not-3710 attachment-portfolio size-portfolio wp-post-image\" alt=\"\" \/><\/a><div class='grid-content'><div class='avia-arrow'><\/div><header class=\"entry-content-header\" aria-label=\"Portfolio: Leipzigs Gr\u00fcnderzeitviertel &#8211; die Architekturf\u00fchrung\"><h3 class='grid-entry-title entry-title '  itemprop=\"headline\" ><a href='https:\/\/www.stadtrundgaenge-leipzig.de\/en\/touren-ausfluege\/leipzigs-gruenderzeitviertel-die-architekturfuehrung\/' title='Leipzigs Gr\u00fcnderzeitviertel &#8211; die Architekturf\u00fchrung'>Leipzigs Gr\u00fcnderzeitviertel &#8211; die Architekturf\u00fchrung<\/a><\/h3><\/header><\/div><footer class=\"entry-footer\"><\/footer><\/article><\/div><div data-ajax-id='3712' class=' grid-entry flex_column isotope-item all_sort no_margin post-entry post-entry-3712 grid-entry-overview grid-loop-2 grid-parity-even  tour_sort  av_one_third  default_av_fullwidth '><article class='main_color inner-entry'  itemscope=\"itemscope\" itemtype=\"https:\/\/schema.org\/CreativeWork\" ><a href=\"https:\/\/www.stadtrundgaenge-leipzig.de\/en\/touren-ausfluege\/leipzig-altstadt-die-stadtfuehrung-fuer-firmen\/\" title='Leipzig Historical Oldtown &#8211; For Bustours and Companies'  data-rel='grid-1' class='grid-image avia-hover-fx'> <img decoding=\"async\" fetchpriority=\"high\" width=\"495\" height=\"400\" src=\"https:\/\/www.stadtrundgaenge-leipzig.de\/wp-content\/uploads\/2016\/03\/stadtfuehrung-fuer-firmen-1-495x400.jpg\" class=\"wp-image-3713 avia-img-lazy-loading-not-3713 attachment-portfolio size-portfolio wp-post-image\" alt=\"\" \/><\/a><div class='grid-content'><div class='avia-arrow'><\/div><header class=\"entry-content-header\" aria-label=\"Portfolio: Leipzig Historical Oldtown &#8211; For Bustours and Companies\"><h3 class='grid-entry-title entry-title '  itemprop=\"headline\" ><a href='https:\/\/www.stadtrundgaenge-leipzig.de\/en\/touren-ausfluege\/leipzig-altstadt-die-stadtfuehrung-fuer-firmen\/' title='Leipzig Historical Oldtown &#8211; For Bustours and Companies'>Leipzig Historical Oldtown &#8211; For Bustours and Companies<\/a><\/h3><\/header><\/div><footer class=\"entry-footer\"><\/footer><\/article><\/div><div data-ajax-id='3719' class=' grid-entry flex_column isotope-item all_sort no_margin post-entry post-entry-3719 grid-entry-overview grid-loop-3 grid-parity-odd  tour_sort  av_one_third  default_av_fullwidth '><article class='main_color inner-entry'  itemscope=\"itemscope\" itemtype=\"https:\/\/schema.org\/CreativeWork\" ><a href=\"https:\/\/www.stadtrundgaenge-leipzig.de\/en\/touren-ausfluege\/die-leipzig-altstadtfuehrung-fuer-firmen-familienfeiern-oder-freundesgruppen\/\" title='Die Leipzig-Altstadtf\u00fchrung bei Familienfeiern und f\u00fcr Freundesgruppen'  data-rel='grid-1' class='grid-image avia-hover-fx'> <img decoding=\"async\" fetchpriority=\"high\" width=\"495\" height=\"400\" src=\"https:\/\/www.stadtrundgaenge-leipzig.de\/wp-content\/uploads\/2016\/03\/AltstadtrundganLeipzig-1-495x400.jpg\" class=\"wp-image-3720 avia-img-lazy-loading-not-3720 attachment-portfolio size-portfolio wp-post-image\" alt=\"\" \/><\/a><div class='grid-content'><div class='avia-arrow'><\/div><header class=\"entry-content-header\" aria-label=\"Portfolio: Die Leipzig-Altstadtf\u00fchrung bei Familienfeiern und f\u00fcr Freundesgruppen\"><h3 class='grid-entry-title entry-title '  itemprop=\"headline\" ><a href='https:\/\/www.stadtrundgaenge-leipzig.de\/en\/touren-ausfluege\/die-leipzig-altstadtfuehrung-fuer-firmen-familienfeiern-oder-freundesgruppen\/' title='Die Leipzig-Altstadtf\u00fchrung bei Familienfeiern und f\u00fcr Freundesgruppen'>Die Leipzig-Altstadtf\u00fchrung bei Familienfeiern und f\u00fcr Freundesgruppen<\/a><\/h3><\/header><\/div><footer class=\"entry-footer\"><\/footer><\/article><\/div><div data-ajax-id='3722' class=' grid-entry flex_column isotope-item all_sort no_margin post-entry post-entry-3722 grid-entry-overview grid-loop-4 grid-parity-even  tour_sort  av_one_third first default_av_fullwidth '><article class='main_color inner-entry'  itemscope=\"itemscope\" itemtype=\"https:\/\/schema.org\/CreativeWork\" ><a href=\"https:\/\/www.stadtrundgaenge-leipzig.de\/en\/touren-ausfluege\/busmoderation-und-busrundfahrt\/\" title='Busmoderation und Busrundfahrt'  data-rel='grid-1' class='grid-image avia-hover-fx'> <img decoding=\"async\" fetchpriority=\"high\" width=\"495\" height=\"400\" src=\"https:\/\/www.stadtrundgaenge-leipzig.de\/wp-content\/uploads\/2016\/03\/Busrundfahrt-1-495x400.jpg\" class=\"wp-image-3723 avia-img-lazy-loading-not-3723 attachment-portfolio size-portfolio wp-post-image\" alt=\"\" \/><\/a><div class='grid-content'><div class='avia-arrow'><\/div><header class=\"entry-content-header\" aria-label=\"Portfolio: Busmoderation und Busrundfahrt\"><h3 class='grid-entry-title entry-title '  itemprop=\"headline\" ><a href='https:\/\/www.stadtrundgaenge-leipzig.de\/en\/touren-ausfluege\/busmoderation-und-busrundfahrt\/' title='Busmoderation und Busrundfahrt'>Busmoderation und Busrundfahrt<\/a><\/h3><\/header><\/div><footer class=\"entry-footer\"><\/footer><\/article><\/div><div data-ajax-id='3725' class=' grid-entry flex_column isotope-item all_sort no_margin post-entry post-entry-3725 grid-entry-overview grid-loop-5 grid-parity-odd  tour_sort  av_one_third  default_av_fullwidth '><article class='main_color inner-entry'  itemscope=\"itemscope\" itemtype=\"https:\/\/schema.org\/CreativeWork\" ><a href=\"https:\/\/www.stadtrundgaenge-leipzig.de\/en\/touren-ausfluege\/die-alternative-stadtfuehrung-leipzigs-stadtteile\/\" title='Die Alternative Stadtf\u00fchrung &#8211; Leipzigs Stadtteile'  data-rel='grid-1' class='grid-image avia-hover-fx'> <img decoding=\"async\" fetchpriority=\"high\" width=\"495\" height=\"400\" src=\"https:\/\/www.stadtrundgaenge-leipzig.de\/wp-content\/uploads\/2016\/03\/Leipzig-Sdfriedhof-verstecke-Ecken-Leipzigs-1-495x400.jpg\" class=\"wp-image-3726 avia-img-lazy-loading-not-3726 attachment-portfolio size-portfolio wp-post-image\" alt=\"\" \/><\/a><div class='grid-content'><div class='avia-arrow'><\/div><header class=\"entry-content-header\" aria-label=\"Portfolio: Die Alternative Stadtf\u00fchrung &#8211; Leipzigs Stadtteile\"><h3 class='grid-entry-title entry-title '  itemprop=\"headline\" ><a href='https:\/\/www.stadtrundgaenge-leipzig.de\/en\/touren-ausfluege\/die-alternative-stadtfuehrung-leipzigs-stadtteile\/' title='Die Alternative Stadtf\u00fchrung &#8211; Leipzigs Stadtteile'>Die Alternative Stadtf\u00fchrung &#8211; Leipzigs Stadtteile<\/a><\/h3><\/header><\/div><footer class=\"entry-footer\"><\/footer><\/article><\/div><div data-ajax-id='3728' class=' grid-entry flex_column isotope-item all_sort no_margin post-entry post-entry-3728 grid-entry-overview grid-loop-6 grid-parity-even  post-entry-last  tour_sort  av_one_third  default_av_fullwidth '><article class='main_color inner-entry'  itemscope=\"itemscope\" itemtype=\"https:\/\/schema.org\/CreativeWork\" ><a href=\"https:\/\/www.stadtrundgaenge-leipzig.de\/en\/touren-ausfluege\/eine-stadtfuehrung-durch-leipzigs-altstadt\/\" title='You would like to have a guided citytour through historical Leipzig?'  data-rel='grid-1' class='grid-image avia-hover-fx'> <img decoding=\"async\" fetchpriority=\"high\" width=\"495\" height=\"400\" src=\"https:\/\/www.stadtrundgaenge-leipzig.de\/wp-content\/uploads\/2016\/03\/oper-leipzig-1-495x400.jpg\" class=\"wp-image-3729 avia-img-lazy-loading-not-3729 attachment-portfolio size-portfolio wp-post-image\" alt=\"\" \/><\/a><div class='grid-content'><div class='avia-arrow'><\/div><header class=\"entry-content-header\" aria-label=\"Portfolio: You would like to have a guided citytour through historical Leipzig?\"><h3 class='grid-entry-title entry-title '  itemprop=\"headline\" ><a href='https:\/\/www.stadtrundgaenge-leipzig.de\/en\/touren-ausfluege\/eine-stadtfuehrung-durch-leipzigs-altstadt\/' title='You would like to have a guided citytour through historical Leipzig?'>You would like to have a guided citytour through historical Leipzig?<\/a><\/h3><\/header><\/div><footer class=\"entry-footer\"><\/footer><\/article><\/div><\/div><\/div>   <!--   class=\"av-portfolio-grid-sorting-container\"  --><\/p><\/div>\n\n<style type=\"text\/css\" data-created_by=\"avia_inline_auto\" id=\"style-css-av-av_heading-4d8d9561e8650c1bf6b9f9e7a3728c35\">\n#top .av-special-heading.av-av_heading-4d8d9561e8650c1bf6b9f9e7a3728c35{\npadding-bottom:10px;\n}\nbody .av-special-heading.av-av_heading-4d8d9561e8650c1bf6b9f9e7a3728c35 .av-special-heading-tag .heading-char{\nfont-size:25px;\n}\n.av-special-heading.av-av_heading-4d8d9561e8650c1bf6b9f9e7a3728c35 .av-subheading{\nfont-size:15px;\n}\n<\/style>\n<div  class='av-special-heading av-av_heading-4d8d9561e8650c1bf6b9f9e7a3728c35 av-special-heading-h3  avia-builder-el-4  el_after_av_one_full  avia-builder-el-last '><h3 class='av-special-heading-tag '  itemprop=\"headline\"  >Schlendern Sie mit mir von der Geschichte bis zur Gegenwart durch die pulsierende Messe-Metropole Leipzig<\/h3><div class=\"special-heading-border\"><div class=\"special-heading-inner-border\"><\/div><\/div><\/div>\n","protected":false},"excerpt":{"rendered":"","protected":false},"author":2,"featured_media":0,"parent":0,"menu_order":0,"comment_status":"closed","ping_status":"closed","template":"","meta":{"footnotes":""},"class_list":["post-3673","page","type-page","status-publish","hentry"],"yoast_head":"<!-- This site is optimized with the Yoast SEO plugin v27.4 - https:\/\/yoast.com\/product\/yoast-seo-wordpress\/ -->\n<title>Die Stadtf\u00fchrung Leipzig - Privat, nur Sie und Ihre Begleiter!<\/title>\n<meta name=\"description\" content=\"Touren in der Stadt Leipzig, Stadtrundg\u00e4nge, Stadtf\u00fchrungen. Spannender Rundgang durch Leipzig, ganz individuell ohne viele Jahreszahlen!\" \/>\n<meta name=\"robots\" content=\"index, follow, max-snippet:-1, max-image-preview:large, max-video-preview:-1\" \/>\n<link rel=\"canonical\" href=\"https:\/\/www.stadtrundgaenge-leipzig.de\/en\/tour\/\" \/>\n<meta property=\"og:locale\" content=\"en_US\" \/>\n<meta property=\"og:type\" content=\"article\" \/>\n<meta property=\"og:title\" content=\"Die Stadtf\u00fchrung Leipzig - Privat, nur Sie und Ihre Begleiter!\" \/>\n<meta property=\"og:description\" content=\"Touren in der Stadt Leipzig, Stadtrundg\u00e4nge, Stadtf\u00fchrungen. Spannender Rundgang durch Leipzig, ganz individuell ohne viele Jahreszahlen!\" \/>\n<meta property=\"og:url\" content=\"https:\/\/www.stadtrundgaenge-leipzig.de\/en\/tour\/\" \/>\n<meta property=\"og:site_name\" content=\"Falk Hartwig Stadtf\u00fchrung Leipzig-Privatf\u00fchrungen\" \/>\n<meta property=\"article:modified_time\" content=\"2020-01-23T15:37:32+00:00\" \/>\n<meta name=\"twitter:card\" content=\"summary_large_image\" \/>\n<meta name=\"twitter:label1\" content=\"Est. reading time\" \/>\n\t<meta name=\"twitter:data1\" content=\"1 minute\" \/>\n<script type=\"application\/ld+json\" class=\"yoast-schema-graph\">{\"@context\":\"https:\\\/\\\/schema.org\",\"@graph\":[{\"@type\":\"WebPage\",\"@id\":\"https:\\\/\\\/www.stadtrundgaenge-leipzig.de\\\/en\\\/tour\\\/\",\"url\":\"https:\\\/\\\/www.stadtrundgaenge-leipzig.de\\\/en\\\/tour\\\/\",\"name\":\"Die Stadtf\u00fchrung Leipzig - Privat, nur Sie und Ihre Begleiter!\",\"isPartOf\":{\"@id\":\"https:\\\/\\\/www.stadtrundgaenge-leipzig.de\\\/#website\"},\"datePublished\":\"2016-03-17T11:26:42+00:00\",\"dateModified\":\"2020-01-23T15:37:32+00:00\",\"description\":\"Touren in der Stadt Leipzig, Stadtrundg\u00e4nge, Stadtf\u00fchrungen. Spannender Rundgang durch Leipzig, ganz individuell ohne viele Jahreszahlen!\",\"breadcrumb\":{\"@id\":\"https:\\\/\\\/www.stadtrundgaenge-leipzig.de\\\/en\\\/tour\\\/#breadcrumb\"},\"inLanguage\":\"en-US\",\"potentialAction\":[{\"@type\":\"ReadAction\",\"target\":[\"https:\\\/\\\/www.stadtrundgaenge-leipzig.de\\\/en\\\/tour\\\/\"]}]},{\"@type\":\"BreadcrumbList\",\"@id\":\"https:\\\/\\\/www.stadtrundgaenge-leipzig.de\\\/en\\\/tour\\\/#breadcrumb\",\"itemListElement\":[{\"@type\":\"ListItem\",\"position\":1,\"name\":\"Home\",\"item\":\"https:\\\/\\\/www.stadtrundgaenge-leipzig.de\\\/en\\\/\"},{\"@type\":\"ListItem\",\"position\":2,\"name\":\"Tour\"}]},{\"@type\":\"WebSite\",\"@id\":\"https:\\\/\\\/www.stadtrundgaenge-leipzig.de\\\/#website\",\"url\":\"https:\\\/\\\/www.stadtrundgaenge-leipzig.de\\\/\",\"name\":\"Falk Hartwig Stadtf\u00fchrung Leipzig-Privatf\u00fchrungen\",\"description\":\"Individuelle und Private Stadtf\u00fchrungen in Leipzig\",\"potentialAction\":[{\"@type\":\"SearchAction\",\"target\":{\"@type\":\"EntryPoint\",\"urlTemplate\":\"https:\\\/\\\/www.stadtrundgaenge-leipzig.de\\\/?s={search_term_string}\"},\"query-input\":{\"@type\":\"PropertyValueSpecification\",\"valueRequired\":true,\"valueName\":\"search_term_string\"}}],\"inLanguage\":\"en-US\"}]}<\/script>\n<!-- \/ Yoast SEO plugin. -->","yoast_head_json":{"title":"Die Stadtf\u00fchrung Leipzig - Privat, nur Sie und Ihre Begleiter!","description":"Touren in der Stadt Leipzig, Stadtrundg\u00e4nge, Stadtf\u00fchrungen. Spannender Rundgang durch Leipzig, ganz individuell ohne viele Jahreszahlen!","robots":{"index":"index","follow":"follow","max-snippet":"max-snippet:-1","max-image-preview":"max-image-preview:large","max-video-preview":"max-video-preview:-1"},"canonical":"https:\/\/www.stadtrundgaenge-leipzig.de\/en\/tour\/","og_locale":"en_US","og_type":"article","og_title":"Die Stadtf\u00fchrung Leipzig - Privat, nur Sie und Ihre Begleiter!","og_description":"Touren in der Stadt Leipzig, Stadtrundg\u00e4nge, Stadtf\u00fchrungen. Spannender Rundgang durch Leipzig, ganz individuell ohne viele Jahreszahlen!","og_url":"https:\/\/www.stadtrundgaenge-leipzig.de\/en\/tour\/","og_site_name":"Falk Hartwig Stadtf\u00fchrung Leipzig-Privatf\u00fchrungen","article_modified_time":"2020-01-23T15:37:32+00:00","twitter_card":"summary_large_image","twitter_misc":{"Est. reading time":"1 minute"},"schema":{"@context":"https:\/\/schema.org","@graph":[{"@type":"WebPage","@id":"https:\/\/www.stadtrundgaenge-leipzig.de\/en\/tour\/","url":"https:\/\/www.stadtrundgaenge-leipzig.de\/en\/tour\/","name":"Die Stadtf\u00fchrung Leipzig - Privat, nur Sie und Ihre Begleiter!","isPartOf":{"@id":"https:\/\/www.stadtrundgaenge-leipzig.de\/#website"},"datePublished":"2016-03-17T11:26:42+00:00","dateModified":"2020-01-23T15:37:32+00:00","description":"Touren in der Stadt Leipzig, Stadtrundg\u00e4nge, Stadtf\u00fchrungen. Spannender Rundgang durch Leipzig, ganz individuell ohne viele Jahreszahlen!","breadcrumb":{"@id":"https:\/\/www.stadtrundgaenge-leipzig.de\/en\/tour\/#breadcrumb"},"inLanguage":"en-US","potentialAction":[{"@type":"ReadAction","target":["https:\/\/www.stadtrundgaenge-leipzig.de\/en\/tour\/"]}]},{"@type":"BreadcrumbList","@id":"https:\/\/www.stadtrundgaenge-leipzig.de\/en\/tour\/#breadcrumb","itemListElement":[{"@type":"ListItem","position":1,"name":"Home","item":"https:\/\/www.stadtrundgaenge-leipzig.de\/en\/"},{"@type":"ListItem","position":2,"name":"Tour"}]},{"@type":"WebSite","@id":"https:\/\/www.stadtrundgaenge-leipzig.de\/#website","url":"https:\/\/www.stadtrundgaenge-leipzig.de\/","name":"Falk Hartwig Stadtf\u00fchrung Leipzig-Privatf\u00fchrungen","description":"Individuelle und Private Stadtf\u00fchrungen in Leipzig","potentialAction":[{"@type":"SearchAction","target":{"@type":"EntryPoint","urlTemplate":"https:\/\/www.stadtrundgaenge-leipzig.de\/?s={search_term_string}"},"query-input":{"@type":"PropertyValueSpecification","valueRequired":true,"valueName":"search_term_string"}}],"inLanguage":"en-US"}]}},"_links":{"self":[{"href":"https:\/\/www.stadtrundgaenge-leipzig.de\/en\/wp-json\/wp\/v2\/pages\/3673","targetHints":{"allow":["GET"]}}],"collection":[{"href":"https:\/\/www.stadtrundgaenge-leipzig.de\/en\/wp-json\/wp\/v2\/pages"}],"about":[{"href":"https:\/\/www.stadtrundgaenge-leipzig.de\/en\/wp-json\/wp\/v2\/types\/page"}],"author":[{"embeddable":true,"href":"https:\/\/www.stadtrundgaenge-leipzig.de\/en\/wp-json\/wp\/v2\/users\/2"}],"replies":[{"embeddable":true,"href":"https:\/\/www.stadtrundgaenge-leipzig.de\/en\/wp-json\/wp\/v2\/comments?post=3673"}],"version-history":[{"count":3,"href":"https:\/\/www.stadtrundgaenge-leipzig.de\/en\/wp-json\/wp\/v2\/pages\/3673\/revisions"}],"predecessor-version":[{"id":3688,"href":"https:\/\/www.stadtrundgaenge-leipzig.de\/en\/wp-json\/wp\/v2\/pages\/3673\/revisions\/3688"}],"wp:attachment":[{"href":"https:\/\/www.stadtrundgaenge-leipzig.de\/en\/wp-json\/wp\/v2\/media?parent=3673"}],"curies":[{"name":"wp","href":"https:\/\/api.w.org\/{rel}","templated":true}]}}