{"id":3671,"date":"2016-03-17T12:24:22","date_gmt":"2016-03-17T11:24:22","guid":{"rendered":"https:\/\/www.stadtrundgaenge-leipzig.de\/partner\/"},"modified":"2020-01-23T16:37:21","modified_gmt":"2020-01-23T15:37:21","slug":"partner","status":"publish","type":"page","link":"https:\/\/www.stadtrundgaenge-leipzig.de\/en\/partner\/","title":{"rendered":"Partner"},"content":{"rendered":"\n<style type=\"text\/css\" data-created_by=\"avia_inline_auto\" id=\"style-css-av-av_heading-2aa11b2e2314509a76613090b846bce7\">\n#top .av-special-heading.av-av_heading-2aa11b2e2314509a76613090b846bce7{\npadding-bottom:10px;\n}\nbody .av-special-heading.av-av_heading-2aa11b2e2314509a76613090b846bce7 .av-special-heading-tag .heading-char{\nfont-size:25px;\n}\n.av-special-heading.av-av_heading-2aa11b2e2314509a76613090b846bce7 .av-subheading{\nfont-size:15px;\n}\n<\/style>\n<div  class='av-special-heading av-av_heading-2aa11b2e2314509a76613090b846bce7 av-special-heading-h1 blockquote modern-quote  avia-builder-el-0  el_before_av_textblock  avia-builder-el-first '><h1 class='av-special-heading-tag '  itemprop=\"headline\"  >Partner <\/h1><div class='av-subheading av-subheading_below'><p>Meine Partner in Leipzig<\/p>\n<\/div><div class=\"special-heading-border\"><div class=\"special-heading-inner-border\"><\/div><\/div><\/div>\n<section  class='av_textblock_section av-av_textblock-0366cc7376be6c9e82a3e9cc8987b64f '   itemscope=\"itemscope\" itemtype=\"https:\/\/schema.org\/CreativeWork\" ><div class='avia_textblock'  itemprop=\"text\" ><p><a title=\"Stadtf\u00fchrungen in Deutschland\" href=\"http:\/\/www.die-stadtfuehrung.de\/\" target=\"blank\" rel=\"noopener noreferrer\" data-cke-saved-href=\"http:\/\/www.die-stadtfuehrung.de\">Webseite &#8220;www.die-stadtf\u00fchrung.de&#8221;<\/a><\/p>\n<\/div><\/section>\n","protected":false},"excerpt":{"rendered":"","protected":false},"author":2,"featured_media":0,"parent":0,"menu_order":0,"comment_status":"closed","ping_status":"closed","template":"","meta":{"footnotes":""},"class_list":["post-3671","page","type-page","status-publish","hentry"],"yoast_head":"<!-- This site is optimized with the Yoast SEO plugin v27.4 - https:\/\/yoast.com\/product\/yoast-seo-wordpress\/ -->\n<title>Partner in Leipzig-Falk Hartwig Stadtf\u00fchrung Leipzig<\/title>\n<meta name=\"description\" content=\"Meine Partner in Leipzig\" \/>\n<meta name=\"robots\" content=\"index, follow, max-snippet:-1, max-image-preview:large, max-video-preview:-1\" \/>\n<link rel=\"canonical\" href=\"https:\/\/www.stadtrundgaenge-leipzig.de\/en\/partner\/\" \/>\n<meta property=\"og:locale\" content=\"en_US\" \/>\n<meta property=\"og:type\" content=\"article\" \/>\n<meta property=\"og:title\" content=\"Partner in Leipzig-Falk Hartwig Stadtf\u00fchrung Leipzig\" \/>\n<meta property=\"og:description\" content=\"Meine Partner in Leipzig\" \/>\n<meta property=\"og:url\" content=\"https:\/\/www.stadtrundgaenge-leipzig.de\/en\/partner\/\" \/>\n<meta property=\"og:site_name\" content=\"Falk Hartwig Stadtf\u00fchrung Leipzig-Privatf\u00fchrungen\" \/>\n<meta property=\"article:modified_time\" content=\"2020-01-23T15:37:21+00:00\" \/>\n<meta name=\"twitter:card\" content=\"summary_large_image\" \/>\n<script type=\"application\/ld+json\" class=\"yoast-schema-graph\">{\"@context\":\"https:\\\/\\\/schema.org\",\"@graph\":[{\"@type\":\"WebPage\",\"@id\":\"https:\\\/\\\/www.stadtrundgaenge-leipzig.de\\\/en\\\/partner\\\/\",\"url\":\"https:\\\/\\\/www.stadtrundgaenge-leipzig.de\\\/en\\\/partner\\\/\",\"name\":\"Partner in Leipzig-Falk Hartwig Stadtf\u00fchrung Leipzig\",\"isPartOf\":{\"@id\":\"https:\\\/\\\/www.stadtrundgaenge-leipzig.de\\\/#website\"},\"datePublished\":\"2016-03-17T11:24:22+00:00\",\"dateModified\":\"2020-01-23T15:37:21+00:00\",\"description\":\"Meine Partner in Leipzig\",\"breadcrumb\":{\"@id\":\"https:\\\/\\\/www.stadtrundgaenge-leipzig.de\\\/en\\\/partner\\\/#breadcrumb\"},\"inLanguage\":\"en-US\",\"potentialAction\":[{\"@type\":\"ReadAction\",\"target\":[\"https:\\\/\\\/www.stadtrundgaenge-leipzig.de\\\/en\\\/partner\\\/\"]}]},{\"@type\":\"BreadcrumbList\",\"@id\":\"https:\\\/\\\/www.stadtrundgaenge-leipzig.de\\\/en\\\/partner\\\/#breadcrumb\",\"itemListElement\":[{\"@type\":\"ListItem\",\"position\":1,\"name\":\"Home\",\"item\":\"https:\\\/\\\/www.stadtrundgaenge-leipzig.de\\\/en\\\/\"},{\"@type\":\"ListItem\",\"position\":2,\"name\":\"Partner\"}]},{\"@type\":\"WebSite\",\"@id\":\"https:\\\/\\\/www.stadtrundgaenge-leipzig.de\\\/#website\",\"url\":\"https:\\\/\\\/www.stadtrundgaenge-leipzig.de\\\/\",\"name\":\"Falk Hartwig Stadtf\u00fchrung Leipzig-Privatf\u00fchrungen\",\"description\":\"Individuelle und Private Stadtf\u00fchrungen in Leipzig\",\"potentialAction\":[{\"@type\":\"SearchAction\",\"target\":{\"@type\":\"EntryPoint\",\"urlTemplate\":\"https:\\\/\\\/www.stadtrundgaenge-leipzig.de\\\/?s={search_term_string}\"},\"query-input\":{\"@type\":\"PropertyValueSpecification\",\"valueRequired\":true,\"valueName\":\"search_term_string\"}}],\"inLanguage\":\"en-US\"}]}<\/script>\n<!-- \/ Yoast SEO plugin. -->","yoast_head_json":{"title":"Partner in Leipzig-Falk Hartwig Stadtf\u00fchrung Leipzig","description":"Meine Partner in Leipzig","robots":{"index":"index","follow":"follow","max-snippet":"max-snippet:-1","max-image-preview":"max-image-preview:large","max-video-preview":"max-video-preview:-1"},"canonical":"https:\/\/www.stadtrundgaenge-leipzig.de\/en\/partner\/","og_locale":"en_US","og_type":"article","og_title":"Partner in Leipzig-Falk Hartwig Stadtf\u00fchrung Leipzig","og_description":"Meine Partner in Leipzig","og_url":"https:\/\/www.stadtrundgaenge-leipzig.de\/en\/partner\/","og_site_name":"Falk Hartwig Stadtf\u00fchrung Leipzig-Privatf\u00fchrungen","article_modified_time":"2020-01-23T15:37:21+00:00","twitter_card":"summary_large_image","schema":{"@context":"https:\/\/schema.org","@graph":[{"@type":"WebPage","@id":"https:\/\/www.stadtrundgaenge-leipzig.de\/en\/partner\/","url":"https:\/\/www.stadtrundgaenge-leipzig.de\/en\/partner\/","name":"Partner in Leipzig-Falk Hartwig Stadtf\u00fchrung Leipzig","isPartOf":{"@id":"https:\/\/www.stadtrundgaenge-leipzig.de\/#website"},"datePublished":"2016-03-17T11:24:22+00:00","dateModified":"2020-01-23T15:37:21+00:00","description":"Meine Partner in Leipzig","breadcrumb":{"@id":"https:\/\/www.stadtrundgaenge-leipzig.de\/en\/partner\/#breadcrumb"},"inLanguage":"en-US","potentialAction":[{"@type":"ReadAction","target":["https:\/\/www.stadtrundgaenge-leipzig.de\/en\/partner\/"]}]},{"@type":"BreadcrumbList","@id":"https:\/\/www.stadtrundgaenge-leipzig.de\/en\/partner\/#breadcrumb","itemListElement":[{"@type":"ListItem","position":1,"name":"Home","item":"https:\/\/www.stadtrundgaenge-leipzig.de\/en\/"},{"@type":"ListItem","position":2,"name":"Partner"}]},{"@type":"WebSite","@id":"https:\/\/www.stadtrundgaenge-leipzig.de\/#website","url":"https:\/\/www.stadtrundgaenge-leipzig.de\/","name":"Falk Hartwig Stadtf\u00fchrung Leipzig-Privatf\u00fchrungen","description":"Individuelle und Private Stadtf\u00fchrungen in Leipzig","potentialAction":[{"@type":"SearchAction","target":{"@type":"EntryPoint","urlTemplate":"https:\/\/www.stadtrundgaenge-leipzig.de\/?s={search_term_string}"},"query-input":{"@type":"PropertyValueSpecification","valueRequired":true,"valueName":"search_term_string"}}],"inLanguage":"en-US"}]}},"_links":{"self":[{"href":"https:\/\/www.stadtrundgaenge-leipzig.de\/en\/wp-json\/wp\/v2\/pages\/3671","targetHints":{"allow":["GET"]}}],"collection":[{"href":"https:\/\/www.stadtrundgaenge-leipzig.de\/en\/wp-json\/wp\/v2\/pages"}],"about":[{"href":"https:\/\/www.stadtrundgaenge-leipzig.de\/en\/wp-json\/wp\/v2\/types\/page"}],"author":[{"embeddable":true,"href":"https:\/\/www.stadtrundgaenge-leipzig.de\/en\/wp-json\/wp\/v2\/users\/2"}],"replies":[{"embeddable":true,"href":"https:\/\/www.stadtrundgaenge-leipzig.de\/en\/wp-json\/wp\/v2\/comments?post=3671"}],"version-history":[{"count":3,"href":"https:\/\/www.stadtrundgaenge-leipzig.de\/en\/wp-json\/wp\/v2\/pages\/3671\/revisions"}],"predecessor-version":[{"id":3687,"href":"https:\/\/www.stadtrundgaenge-leipzig.de\/en\/wp-json\/wp\/v2\/pages\/3671\/revisions\/3687"}],"wp:attachment":[{"href":"https:\/\/www.stadtrundgaenge-leipzig.de\/en\/wp-json\/wp\/v2\/media?parent=3671"}],"curies":[{"name":"wp","href":"https:\/\/api.w.org\/{rel}","templated":true}]}}