{"id":3669,"date":"2016-03-17T12:20:45","date_gmt":"2016-03-17T11:20:45","guid":{"rendered":"https:\/\/www.stadtrundgaenge-leipzig.de\/kontakt\/"},"modified":"2020-01-23T16:37:17","modified_gmt":"2020-01-23T15:37:17","slug":"contact","status":"publish","type":"page","link":"https:\/\/www.stadtrundgaenge-leipzig.de\/en\/contact\/","title":{"rendered":"Contact"},"content":{"rendered":"\n<style type=\"text\/css\" data-created_by=\"avia_inline_auto\" id=\"style-css-av-av_heading-0044bbd881c32ae78d8d5d40ef6af634\">\n#top .av-special-heading.av-av_heading-0044bbd881c32ae78d8d5d40ef6af634{\npadding-bottom:10px;\n}\nbody .av-special-heading.av-av_heading-0044bbd881c32ae78d8d5d40ef6af634 .av-special-heading-tag .heading-char{\nfont-size:25px;\n}\n.av-special-heading.av-av_heading-0044bbd881c32ae78d8d5d40ef6af634 .av-subheading{\nfont-size:15px;\n}\n<\/style>\n<div  class='av-special-heading av-av_heading-0044bbd881c32ae78d8d5d40ef6af634 av-special-heading-h1 blockquote modern-quote  avia-builder-el-0  el_before_av_textblock  avia-builder-el-first '><h1 class='av-special-heading-tag '  itemprop=\"headline\"  >Kontakt<\/h1><div class=\"special-heading-border\"><div class=\"special-heading-inner-border\"><\/div><\/div><\/div>\n<section  class='av_textblock_section av-d0ps7r-47d4c1cd39019222494889048b4bfbe0 '   itemscope=\"itemscope\" itemtype=\"https:\/\/schema.org\/CreativeWork\" ><div class='avia_textblock'  itemprop=\"text\" ><p>Wenden Sie sich auch gern mit speziellen W\u00fcnschen an mich. Ich unterbreite Ihnen gern ein passendes Angebot!<\/p>\n<div class=\"control-group\">\n<div class=\"controls\">\n<div>Ich freue mich auf Ihre Anfrage!<\/div>\n<\/div>\n<\/div>\n<\/div><\/section>\n<form action=\"https:\/\/www.stadtrundgaenge-leipzig.de\/en\/contact\/\" method=\"post\" data-fields-with-error=\"Found errors in the following field(s):\" class=\"avia_ajax_form av-form-labels-visible   avia-builder-el-2  el_after_av_textblock  avia-builder-el-last   \" data-avia-form-id=\"1\" data-avia-redirect='' ><fieldset><p class='  first_form  form_element form_element_third' id='element_avia_1_1'><label for=\"avia_1_1\">Name <abbr class=\"required\" title=\"required\">*<\/abbr><\/label> <input name=\"avia_1_1\" class=\"text_input is_empty\" type=\"text\" id=\"avia_1_1\" value=\"\" \/><\/p><p class='  form_element form_element_third' id='element_avia_2_1'><label for=\"avia_2_1\">E-Mail <abbr class=\"required\" title=\"required\">*<\/abbr><\/label> <input name=\"avia_2_1\" class=\"text_input is_email\" type=\"text\" id=\"avia_2_1\" value=\"\" \/><\/p><p class='  form_element form_element_third' id='element_avia_3_1'><label for=\"avia_3_1\">Telefonnummer <abbr class=\"required\" title=\"required\">*<\/abbr><\/label> <input name=\"avia_3_1\" class=\"text_input is_phone\" type=\"text\" id=\"avia_3_1\" value=\"\" \/><\/p><p class='  first_form  form_element form_fullwidth' id='element_avia_4_1'><label for=\"avia_4_1\">Betreff <abbr class=\"required\" title=\"required\">*<\/abbr><\/label> <input name=\"avia_4_1\" class=\"text_input is_empty\" type=\"text\" id=\"avia_4_1\" value=\"\" \/><\/p><p class='  first_form  form_element form_fullwidth' id='element_avia_5_1'><label for=\"avia_5_1\" class=\"textare_label hidden textare_label_avia_5_1\">Nachricht <abbr class=\"required\" title=\"required\">*<\/abbr><\/label><textarea  name=\"avia_5_1\" class=\"text_area is_empty\" cols=\"40\" rows=\"7\" id=\"avia_5_1\" ><\/textarea><\/p><p class=\"hidden\"><input type=\"text\" name=\"avia_6_1\" class=\"hidden \" id=\"avia_6_1\" value=\"\" \/><\/p><p class='   form_element form_fullwidth av-last-visible-form-element' id='element_avia_7_1'><span class='value_verifier_label'>0 + 2 = ?<\/span><input name=\"avia_7_1_verifier\" type=\"hidden\" id=\"avia_7_1_verifier\" value=\"562144482\"\/><label for=\"avia_7_1\">Please prove that you are human by solving the equation <abbr class=\"required\" title=\"required\">*<\/abbr><\/label><input name=\"avia_7_1\" class=\"text_input captcha\" type=\"text\" id=\"avia_7_1\" value=\"\"\/><\/p><p class=' av_form_privacy_check av_contact_privacy_check first_form  form_element form_fullwidth' id='element_avia_8_1'><input  name=\"avia_8_1\" class=\"input_checkbox is_empty\" type=\"checkbox\" id=\"avia_8_1\" value=\"true\"\/><label class=\"input_checkbox_label\" for=\"avia_8_1\">Ich stimme zu, dass meine Angaben aus dem Kontaktformular zur Beantwortung meiner Anfrage erhoben und verarbeitet werden. Die Daten werden nach abgeschlossener Bearbeitung Ihrer Anfrage gel\u00f6scht. Hinweis: Sie k\u00f6nnen Ihre Einwilligung jederzeit f\u00fcr die Zukunft per E-Mail an info@stadtrundgaenge-leipzig.de widerrufen. Detaillierte Informationen zum Umgang mit Nutzerdaten finden Sie in unserer  <a href='https:\/\/www.stadtrundgaenge-leipzig.de\/datenschutz\/' target='_blank'>Datenschutzerkl\u00e4rung<\/a>.\n <abbr class=\"required\" title=\"required\">*<\/abbr><\/label><\/p><p class=\"form_element \"><input type=\"hidden\" value=\"1\" name=\"avia_generated_form1\" \/><input type=\"submit\" value=\"Senden\" class=\"button\"  data-sending-label=\"Sending\"\/><\/p><\/fieldset><\/form><div id=\"ajaxresponse_1\" class=\"ajaxresponse ajaxresponse_1 hidden\"><\/div>\n","protected":false},"excerpt":{"rendered":"","protected":false},"author":2,"featured_media":0,"parent":0,"menu_order":0,"comment_status":"closed","ping_status":"closed","template":"","meta":{"footnotes":""},"class_list":["post-3669","page","type-page","status-publish","hentry"],"yoast_head":"<!-- This site is optimized with the Yoast SEO plugin v27.4 - https:\/\/yoast.com\/product\/yoast-seo-wordpress\/ -->\n<title>Falk Hartwig-Stadtf\u00fchrer in Leipzig und Umgebung<\/title>\n<meta name=\"description\" content=\"Stadtf\u00fchrung Leipzig-Falk Hartwig. Kontaktieren Sie mich f\u00fcr Ihre Anfrage und ich unterbreite Ihnen ein Angebot. Ich freue mich auf Ihre Nachricht\" \/>\n<meta name=\"robots\" content=\"index, follow, max-snippet:-1, max-image-preview:large, max-video-preview:-1\" \/>\n<link rel=\"canonical\" href=\"https:\/\/www.stadtrundgaenge-leipzig.de\/en\/contact\/\" \/>\n<meta property=\"og:locale\" content=\"en_US\" \/>\n<meta property=\"og:type\" content=\"article\" \/>\n<meta property=\"og:title\" content=\"Falk Hartwig-Stadtf\u00fchrer in Leipzig und Umgebung\" \/>\n<meta property=\"og:description\" content=\"Stadtf\u00fchrung Leipzig-Falk Hartwig. Kontaktieren Sie mich f\u00fcr Ihre Anfrage und ich unterbreite Ihnen ein Angebot. Ich freue mich auf Ihre Nachricht\" \/>\n<meta property=\"og:url\" content=\"https:\/\/www.stadtrundgaenge-leipzig.de\/en\/contact\/\" \/>\n<meta property=\"og:site_name\" content=\"Falk Hartwig Stadtf\u00fchrung Leipzig-Privatf\u00fchrungen\" \/>\n<meta property=\"article:modified_time\" content=\"2020-01-23T15:37:17+00:00\" \/>\n<meta name=\"twitter:card\" content=\"summary_large_image\" \/>\n<meta name=\"twitter:label1\" content=\"Est. reading time\" \/>\n\t<meta name=\"twitter:data1\" content=\"2 minutes\" \/>\n<script type=\"application\/ld+json\" class=\"yoast-schema-graph\">{\"@context\":\"https:\\\/\\\/schema.org\",\"@graph\":[{\"@type\":\"WebPage\",\"@id\":\"https:\\\/\\\/www.stadtrundgaenge-leipzig.de\\\/en\\\/contact\\\/\",\"url\":\"https:\\\/\\\/www.stadtrundgaenge-leipzig.de\\\/en\\\/contact\\\/\",\"name\":\"Falk Hartwig-Stadtf\u00fchrer in Leipzig und Umgebung\",\"isPartOf\":{\"@id\":\"https:\\\/\\\/www.stadtrundgaenge-leipzig.de\\\/#website\"},\"datePublished\":\"2016-03-17T11:20:45+00:00\",\"dateModified\":\"2020-01-23T15:37:17+00:00\",\"description\":\"Stadtf\u00fchrung Leipzig-Falk Hartwig. Kontaktieren Sie mich f\u00fcr Ihre Anfrage und ich unterbreite Ihnen ein Angebot. Ich freue mich auf Ihre Nachricht\",\"breadcrumb\":{\"@id\":\"https:\\\/\\\/www.stadtrundgaenge-leipzig.de\\\/en\\\/contact\\\/#breadcrumb\"},\"inLanguage\":\"en-US\",\"potentialAction\":[{\"@type\":\"ReadAction\",\"target\":[\"https:\\\/\\\/www.stadtrundgaenge-leipzig.de\\\/en\\\/contact\\\/\"]}]},{\"@type\":\"BreadcrumbList\",\"@id\":\"https:\\\/\\\/www.stadtrundgaenge-leipzig.de\\\/en\\\/contact\\\/#breadcrumb\",\"itemListElement\":[{\"@type\":\"ListItem\",\"position\":1,\"name\":\"Home\",\"item\":\"https:\\\/\\\/www.stadtrundgaenge-leipzig.de\\\/en\\\/\"},{\"@type\":\"ListItem\",\"position\":2,\"name\":\"Contact\"}]},{\"@type\":\"WebSite\",\"@id\":\"https:\\\/\\\/www.stadtrundgaenge-leipzig.de\\\/#website\",\"url\":\"https:\\\/\\\/www.stadtrundgaenge-leipzig.de\\\/\",\"name\":\"Falk Hartwig Stadtf\u00fchrung Leipzig-Privatf\u00fchrungen\",\"description\":\"Individuelle und Private Stadtf\u00fchrungen in Leipzig\",\"potentialAction\":[{\"@type\":\"SearchAction\",\"target\":{\"@type\":\"EntryPoint\",\"urlTemplate\":\"https:\\\/\\\/www.stadtrundgaenge-leipzig.de\\\/?s={search_term_string}\"},\"query-input\":{\"@type\":\"PropertyValueSpecification\",\"valueRequired\":true,\"valueName\":\"search_term_string\"}}],\"inLanguage\":\"en-US\"}]}<\/script>\n<!-- \/ Yoast SEO plugin. -->","yoast_head_json":{"title":"Falk Hartwig-Stadtf\u00fchrer in Leipzig und Umgebung","description":"Stadtf\u00fchrung Leipzig-Falk Hartwig. Kontaktieren Sie mich f\u00fcr Ihre Anfrage und ich unterbreite Ihnen ein Angebot. Ich freue mich auf Ihre Nachricht","robots":{"index":"index","follow":"follow","max-snippet":"max-snippet:-1","max-image-preview":"max-image-preview:large","max-video-preview":"max-video-preview:-1"},"canonical":"https:\/\/www.stadtrundgaenge-leipzig.de\/en\/contact\/","og_locale":"en_US","og_type":"article","og_title":"Falk Hartwig-Stadtf\u00fchrer in Leipzig und Umgebung","og_description":"Stadtf\u00fchrung Leipzig-Falk Hartwig. Kontaktieren Sie mich f\u00fcr Ihre Anfrage und ich unterbreite Ihnen ein Angebot. Ich freue mich auf Ihre Nachricht","og_url":"https:\/\/www.stadtrundgaenge-leipzig.de\/en\/contact\/","og_site_name":"Falk Hartwig Stadtf\u00fchrung Leipzig-Privatf\u00fchrungen","article_modified_time":"2020-01-23T15:37:17+00:00","twitter_card":"summary_large_image","twitter_misc":{"Est. reading time":"2 minutes"},"schema":{"@context":"https:\/\/schema.org","@graph":[{"@type":"WebPage","@id":"https:\/\/www.stadtrundgaenge-leipzig.de\/en\/contact\/","url":"https:\/\/www.stadtrundgaenge-leipzig.de\/en\/contact\/","name":"Falk Hartwig-Stadtf\u00fchrer in Leipzig und Umgebung","isPartOf":{"@id":"https:\/\/www.stadtrundgaenge-leipzig.de\/#website"},"datePublished":"2016-03-17T11:20:45+00:00","dateModified":"2020-01-23T15:37:17+00:00","description":"Stadtf\u00fchrung Leipzig-Falk Hartwig. Kontaktieren Sie mich f\u00fcr Ihre Anfrage und ich unterbreite Ihnen ein Angebot. Ich freue mich auf Ihre Nachricht","breadcrumb":{"@id":"https:\/\/www.stadtrundgaenge-leipzig.de\/en\/contact\/#breadcrumb"},"inLanguage":"en-US","potentialAction":[{"@type":"ReadAction","target":["https:\/\/www.stadtrundgaenge-leipzig.de\/en\/contact\/"]}]},{"@type":"BreadcrumbList","@id":"https:\/\/www.stadtrundgaenge-leipzig.de\/en\/contact\/#breadcrumb","itemListElement":[{"@type":"ListItem","position":1,"name":"Home","item":"https:\/\/www.stadtrundgaenge-leipzig.de\/en\/"},{"@type":"ListItem","position":2,"name":"Contact"}]},{"@type":"WebSite","@id":"https:\/\/www.stadtrundgaenge-leipzig.de\/#website","url":"https:\/\/www.stadtrundgaenge-leipzig.de\/","name":"Falk Hartwig Stadtf\u00fchrung Leipzig-Privatf\u00fchrungen","description":"Individuelle und Private Stadtf\u00fchrungen in Leipzig","potentialAction":[{"@type":"SearchAction","target":{"@type":"EntryPoint","urlTemplate":"https:\/\/www.stadtrundgaenge-leipzig.de\/?s={search_term_string}"},"query-input":{"@type":"PropertyValueSpecification","valueRequired":true,"valueName":"search_term_string"}}],"inLanguage":"en-US"}]}},"_links":{"self":[{"href":"https:\/\/www.stadtrundgaenge-leipzig.de\/en\/wp-json\/wp\/v2\/pages\/3669","targetHints":{"allow":["GET"]}}],"collection":[{"href":"https:\/\/www.stadtrundgaenge-leipzig.de\/en\/wp-json\/wp\/v2\/pages"}],"about":[{"href":"https:\/\/www.stadtrundgaenge-leipzig.de\/en\/wp-json\/wp\/v2\/types\/page"}],"author":[{"embeddable":true,"href":"https:\/\/www.stadtrundgaenge-leipzig.de\/en\/wp-json\/wp\/v2\/users\/2"}],"replies":[{"embeddable":true,"href":"https:\/\/www.stadtrundgaenge-leipzig.de\/en\/wp-json\/wp\/v2\/comments?post=3669"}],"version-history":[{"count":3,"href":"https:\/\/www.stadtrundgaenge-leipzig.de\/en\/wp-json\/wp\/v2\/pages\/3669\/revisions"}],"predecessor-version":[{"id":3689,"href":"https:\/\/www.stadtrundgaenge-leipzig.de\/en\/wp-json\/wp\/v2\/pages\/3669\/revisions\/3689"}],"wp:attachment":[{"href":"https:\/\/www.stadtrundgaenge-leipzig.de\/en\/wp-json\/wp\/v2\/media?parent=3669"}],"curies":[{"name":"wp","href":"https:\/\/api.w.org\/{rel}","templated":true}]}}