{"id":3666,"date":"2016-03-17T12:13:39","date_gmt":"2016-03-17T11:13:39","guid":{"rendered":"https:\/\/www.stadtrundgaenge-leipzig.de\/impressum\/"},"modified":"2020-01-23T16:37:03","modified_gmt":"2020-01-23T15:37:03","slug":"imprint","status":"publish","type":"page","link":"https:\/\/www.stadtrundgaenge-leipzig.de\/en\/imprint\/","title":{"rendered":"Imprint"},"content":{"rendered":"\n<style type=\"text\/css\" data-created_by=\"avia_inline_auto\" id=\"style-css-av-av_heading-b06039a0e0239dab9f9831a730bd8042\">\n#top .av-special-heading.av-av_heading-b06039a0e0239dab9f9831a730bd8042{\npadding-bottom:10px;\n}\nbody .av-special-heading.av-av_heading-b06039a0e0239dab9f9831a730bd8042 .av-special-heading-tag .heading-char{\nfont-size:25px;\n}\n.av-special-heading.av-av_heading-b06039a0e0239dab9f9831a730bd8042 .av-subheading{\nfont-size:15px;\n}\n<\/style>\n<div  class='av-special-heading av-av_heading-b06039a0e0239dab9f9831a730bd8042 av-special-heading-h1 blockquote modern-quote  avia-builder-el-0  el_before_av_textblock  avia-builder-el-first '><h1 class='av-special-heading-tag '  itemprop=\"headline\"  >Impressum<\/h1><div class=\"special-heading-border\"><div class=\"special-heading-inner-border\"><\/div><\/div><\/div>\n<section  class='av_textblock_section av-jmqbk-82983194183cf0cf6d6557e7f15a6a32 '   itemscope=\"itemscope\" itemtype=\"https:\/\/schema.org\/CreativeWork\" ><div class='avia_textblock'  itemprop=\"text\" ><p><strong>Anbieterkennzeichnung gem\u00e4\u00df den Inhalten des Teledienstgesetzes (TDG)<\/strong><br \/>\nFalk Hartwig<br \/>\nWiederitzscher Stra\u00dfe 15<br \/>\n04155 Leipzig<\/p>\n<p>Telefon: (+49) 341 &#8211; 92 70 35 08<\/p>\n<p>E-Mail: <span id=\"cloak60866\"><a href=\"mailto:info@stadtrundgaenge-leipzig.de\">info@stadtrundgaenge-leipzig.de<\/a><\/span><\/p>\n<p><strong>Verantwortlich f\u00fcr den Inhalt laut Mediendienste- Staatsvertrag (MDStV)<\/strong><br \/>\nFalk Hartwig<br \/>\nWiederitzscher Stra\u00dfe 15<br \/>\n04155 Leipzig<\/p>\n<p>Telefon: (+49) 341 &#8211; 92 70 35 08<\/p>\n<p>E-Mail: <span id=\"cloak53309\"><a href=\"mailto:info@stadtrundgaenge-leipzig.de\">info@stadtrundgaenge-leipzig.de<\/a><\/span><\/p>\n<h2>Streitschlichtung<\/h2>\n<p>Die Europ\u00e4ische Kommission stellt eine Plattform zur Online-Streitbeilegung (OS) bereit: <a href=\"https:\/\/ec.europa.eu\/consumers\/odr\" target=\"_blank\" rel=\"noopener noreferrer\">https:\/\/ec.europa.eu\/consumers\/odr<\/a>.<br \/>\nUnsere E-Mail-Adresse finden Sie oben im Impressum.<\/p>\n<p>Wir sind nicht bereit oder verpflichtet, an Streitbeilegungsverfahren vor einer Verbraucherschlichtungsstelle teilzunehmen.<\/p>\n<h3>Haftung f\u00fcr Inhalte<\/h3>\n<p>Als Diensteanbieter sind wir gem\u00e4\u00df \u00a7 7 Abs.1 TMG f\u00fcr eigene Inhalte auf diesen Seiten nach den allgemeinen Gesetzen verantwortlich. Nach \u00a7\u00a7 8 bis 10 TMG sind wir als Diensteanbieter jedoch nicht verpflichtet, \u00fcbermittelte oder gespeicherte fremde Informationen zu \u00fcberwachen oder nach Umst\u00e4nden zu forschen, die auf eine rechtswidrige T\u00e4tigkeit hinweisen.<\/p>\n<p>Verpflichtungen zur Entfernung oder Sperrung der Nutzung von Informationen nach den allgemeinen Gesetzen bleiben hiervon unber\u00fchrt. Eine diesbez\u00fcgliche Haftung ist jedoch erst ab dem Zeitpunkt der Kenntnis einer konkreten Rechtsverletzung m\u00f6glich. Bei Bekanntwerden von entsprechenden Rechtsverletzungen werden wir diese Inhalte umgehend entfernen.<\/p>\n<h3>Haftung f\u00fcr Links<\/h3>\n<p>Unser Angebot enth\u00e4lt Links zu externen Websites Dritter, auf deren Inhalte wir keinen Einfluss haben. Deshalb k\u00f6nnen wir f\u00fcr diese fremden Inhalte auch keine Gew\u00e4hr \u00fcbernehmen. F\u00fcr die Inhalte der verlinkten Seiten ist stets der jeweilige Anbieter oder Betreiber der Seiten verantwortlich. Die verlinkten Seiten wurden zum Zeitpunkt der Verlinkung auf m\u00f6gliche Rechtsverst\u00f6\u00dfe \u00fcberpr\u00fcft. Rechtswidrige Inhalte waren zum Zeitpunkt der Verlinkung nicht erkennbar.<\/p>\n<p>Eine permanente inhaltliche Kontrolle der verlinkten Seiten ist jedoch ohne konkrete Anhaltspunkte einer Rechtsverletzung nicht zumutbar. Bei Bekanntwerden von Rechtsverletzungen werden wir derartige Links umgehend entfernen.<\/p>\n<h3>Urheberrecht<\/h3>\n<p>Die durch die Seitenbetreiber erstellten Inhalte und Werke auf diesen Seiten unterliegen dem deutschen Urheberrecht. Die Vervielf\u00e4ltigung, Bearbeitung, Verbreitung und jede Art der Verwertung au\u00dferhalb der Grenzen des Urheberrechtes bed\u00fcrfen der schriftlichen Zustimmung des jeweiligen Autors bzw. Erstellers. Downloads und Kopien dieser Seite sind nur f\u00fcr den privaten, nicht kommerziellen Gebrauch gestattet.<\/p>\n<p>Soweit die Inhalte auf dieser Seite nicht vom Betreiber erstellt wurden, werden die Urheberrechte Dritter beachtet. Insbesondere werden Inhalte Dritter als solche gekennzeichnet. Sollten Sie trotzdem auf eine Urheberrechtsverletzung aufmerksam werden, bitten wir um einen entsprechenden Hinweis. Bei Bekanntwerden von Rechtsverletzungen werden wir derartige Inhalte umgehend entfernen.<\/p>\n<\/div><\/section>\n","protected":false},"excerpt":{"rendered":"","protected":false},"author":1,"featured_media":0,"parent":0,"menu_order":0,"comment_status":"closed","ping_status":"closed","template":"","meta":{"footnotes":""},"class_list":["post-3666","page","type-page","status-publish","hentry"],"yoast_head":"<!-- This site is optimized with the Yoast SEO plugin v27.4 - https:\/\/yoast.com\/product\/yoast-seo-wordpress\/ -->\n<title>Private Stadtf\u00fchrung Leipzig<\/title>\n<meta name=\"robots\" content=\"index, follow, max-snippet:-1, max-image-preview:large, max-video-preview:-1\" \/>\n<link rel=\"canonical\" href=\"https:\/\/www.stadtrundgaenge-leipzig.de\/en\/imprint\/\" \/>\n<meta property=\"og:locale\" content=\"en_US\" \/>\n<meta property=\"og:type\" content=\"article\" \/>\n<meta property=\"og:title\" content=\"Private Stadtf\u00fchrung Leipzig\" \/>\n<meta property=\"og:url\" content=\"https:\/\/www.stadtrundgaenge-leipzig.de\/en\/imprint\/\" \/>\n<meta property=\"og:site_name\" content=\"Falk Hartwig Stadtf\u00fchrung Leipzig-Privatf\u00fchrungen\" \/>\n<meta property=\"article:modified_time\" content=\"2020-01-23T15:37:03+00:00\" \/>\n<meta name=\"twitter:card\" content=\"summary_large_image\" \/>\n<meta name=\"twitter:label1\" content=\"Est. reading time\" \/>\n\t<meta name=\"twitter:data1\" content=\"2 minutes\" \/>\n<script type=\"application\/ld+json\" class=\"yoast-schema-graph\">{\"@context\":\"https:\\\/\\\/schema.org\",\"@graph\":[{\"@type\":\"WebPage\",\"@id\":\"https:\\\/\\\/www.stadtrundgaenge-leipzig.de\\\/en\\\/imprint\\\/\",\"url\":\"https:\\\/\\\/www.stadtrundgaenge-leipzig.de\\\/en\\\/imprint\\\/\",\"name\":\"Private Stadtf\u00fchrung Leipzig\",\"isPartOf\":{\"@id\":\"https:\\\/\\\/www.stadtrundgaenge-leipzig.de\\\/#website\"},\"datePublished\":\"2016-03-17T11:13:39+00:00\",\"dateModified\":\"2020-01-23T15:37:03+00:00\",\"breadcrumb\":{\"@id\":\"https:\\\/\\\/www.stadtrundgaenge-leipzig.de\\\/en\\\/imprint\\\/#breadcrumb\"},\"inLanguage\":\"en-US\",\"potentialAction\":[{\"@type\":\"ReadAction\",\"target\":[\"https:\\\/\\\/www.stadtrundgaenge-leipzig.de\\\/en\\\/imprint\\\/\"]}]},{\"@type\":\"BreadcrumbList\",\"@id\":\"https:\\\/\\\/www.stadtrundgaenge-leipzig.de\\\/en\\\/imprint\\\/#breadcrumb\",\"itemListElement\":[{\"@type\":\"ListItem\",\"position\":1,\"name\":\"Home\",\"item\":\"https:\\\/\\\/www.stadtrundgaenge-leipzig.de\\\/en\\\/\"},{\"@type\":\"ListItem\",\"position\":2,\"name\":\"Imprint\"}]},{\"@type\":\"WebSite\",\"@id\":\"https:\\\/\\\/www.stadtrundgaenge-leipzig.de\\\/#website\",\"url\":\"https:\\\/\\\/www.stadtrundgaenge-leipzig.de\\\/\",\"name\":\"Falk Hartwig Stadtf\u00fchrung Leipzig-Privatf\u00fchrungen\",\"description\":\"Individuelle und Private Stadtf\u00fchrungen in Leipzig\",\"potentialAction\":[{\"@type\":\"SearchAction\",\"target\":{\"@type\":\"EntryPoint\",\"urlTemplate\":\"https:\\\/\\\/www.stadtrundgaenge-leipzig.de\\\/?s={search_term_string}\"},\"query-input\":{\"@type\":\"PropertyValueSpecification\",\"valueRequired\":true,\"valueName\":\"search_term_string\"}}],\"inLanguage\":\"en-US\"}]}<\/script>\n<!-- \/ Yoast SEO plugin. -->","yoast_head_json":{"title":"Private Stadtf\u00fchrung Leipzig","robots":{"index":"index","follow":"follow","max-snippet":"max-snippet:-1","max-image-preview":"max-image-preview:large","max-video-preview":"max-video-preview:-1"},"canonical":"https:\/\/www.stadtrundgaenge-leipzig.de\/en\/imprint\/","og_locale":"en_US","og_type":"article","og_title":"Private Stadtf\u00fchrung Leipzig","og_url":"https:\/\/www.stadtrundgaenge-leipzig.de\/en\/imprint\/","og_site_name":"Falk Hartwig Stadtf\u00fchrung Leipzig-Privatf\u00fchrungen","article_modified_time":"2020-01-23T15:37:03+00:00","twitter_card":"summary_large_image","twitter_misc":{"Est. reading time":"2 minutes"},"schema":{"@context":"https:\/\/schema.org","@graph":[{"@type":"WebPage","@id":"https:\/\/www.stadtrundgaenge-leipzig.de\/en\/imprint\/","url":"https:\/\/www.stadtrundgaenge-leipzig.de\/en\/imprint\/","name":"Private Stadtf\u00fchrung Leipzig","isPartOf":{"@id":"https:\/\/www.stadtrundgaenge-leipzig.de\/#website"},"datePublished":"2016-03-17T11:13:39+00:00","dateModified":"2020-01-23T15:37:03+00:00","breadcrumb":{"@id":"https:\/\/www.stadtrundgaenge-leipzig.de\/en\/imprint\/#breadcrumb"},"inLanguage":"en-US","potentialAction":[{"@type":"ReadAction","target":["https:\/\/www.stadtrundgaenge-leipzig.de\/en\/imprint\/"]}]},{"@type":"BreadcrumbList","@id":"https:\/\/www.stadtrundgaenge-leipzig.de\/en\/imprint\/#breadcrumb","itemListElement":[{"@type":"ListItem","position":1,"name":"Home","item":"https:\/\/www.stadtrundgaenge-leipzig.de\/en\/"},{"@type":"ListItem","position":2,"name":"Imprint"}]},{"@type":"WebSite","@id":"https:\/\/www.stadtrundgaenge-leipzig.de\/#website","url":"https:\/\/www.stadtrundgaenge-leipzig.de\/","name":"Falk Hartwig Stadtf\u00fchrung Leipzig-Privatf\u00fchrungen","description":"Individuelle und Private Stadtf\u00fchrungen in Leipzig","potentialAction":[{"@type":"SearchAction","target":{"@type":"EntryPoint","urlTemplate":"https:\/\/www.stadtrundgaenge-leipzig.de\/?s={search_term_string}"},"query-input":{"@type":"PropertyValueSpecification","valueRequired":true,"valueName":"search_term_string"}}],"inLanguage":"en-US"}]}},"_links":{"self":[{"href":"https:\/\/www.stadtrundgaenge-leipzig.de\/en\/wp-json\/wp\/v2\/pages\/3666","targetHints":{"allow":["GET"]}}],"collection":[{"href":"https:\/\/www.stadtrundgaenge-leipzig.de\/en\/wp-json\/wp\/v2\/pages"}],"about":[{"href":"https:\/\/www.stadtrundgaenge-leipzig.de\/en\/wp-json\/wp\/v2\/types\/page"}],"author":[{"embeddable":true,"href":"https:\/\/www.stadtrundgaenge-leipzig.de\/en\/wp-json\/wp\/v2\/users\/1"}],"replies":[{"embeddable":true,"href":"https:\/\/www.stadtrundgaenge-leipzig.de\/en\/wp-json\/wp\/v2\/comments?post=3666"}],"version-history":[{"count":3,"href":"https:\/\/www.stadtrundgaenge-leipzig.de\/en\/wp-json\/wp\/v2\/pages\/3666\/revisions"}],"predecessor-version":[{"id":3691,"href":"https:\/\/www.stadtrundgaenge-leipzig.de\/en\/wp-json\/wp\/v2\/pages\/3666\/revisions\/3691"}],"wp:attachment":[{"href":"https:\/\/www.stadtrundgaenge-leipzig.de\/en\/wp-json\/wp\/v2\/media?parent=3666"}],"curies":[{"name":"wp","href":"https:\/\/api.w.org\/{rel}","templated":true}]}}