{"id":3655,"date":"2016-03-17T12:23:22","date_gmt":"2016-03-17T11:23:22","guid":{"rendered":"https:\/\/www.stadtrundgaenge-leipzig.de\/gutschein\/"},"modified":"2020-01-23T16:36:28","modified_gmt":"2020-01-23T15:36:28","slug":"voucher","status":"publish","type":"page","link":"https:\/\/www.stadtrundgaenge-leipzig.de\/en\/voucher\/","title":{"rendered":"Voucher"},"content":{"rendered":"\n<style type=\"text\/css\" data-created_by=\"avia_inline_auto\" id=\"style-css-av-av_heading-ed1a7b998b7c50039257287ad939d0a6\">\n#top .av-special-heading.av-av_heading-ed1a7b998b7c50039257287ad939d0a6{\npadding-bottom:10px;\n}\nbody .av-special-heading.av-av_heading-ed1a7b998b7c50039257287ad939d0a6 .av-special-heading-tag .heading-char{\nfont-size:25px;\n}\n.av-special-heading.av-av_heading-ed1a7b998b7c50039257287ad939d0a6 .av-subheading{\nfont-size:15px;\n}\n<\/style>\n<div  class='av-special-heading av-av_heading-ed1a7b998b7c50039257287ad939d0a6 av-special-heading-h1 blockquote modern-quote  avia-builder-el-0  el_before_av_textblock  avia-builder-el-first '><h1 class='av-special-heading-tag '  itemprop=\"headline\"  >Geschenkgutschein Stadtf\u00fchrung <\/h1><div class='av-subheading av-subheading_below'><p>DIE Geschenkidee, die Ihnen so schnell keiner nach macht. F\u00fcr jedermann!<\/p>\n<\/div><div class=\"special-heading-border\"><div class=\"special-heading-inner-border\"><\/div><\/div><\/div>\n<section  class='av_textblock_section av-2pcnn1-bd9f50da28097ea5fdc661bf802e833f '   itemscope=\"itemscope\" itemtype=\"https:\/\/schema.org\/CreativeWork\" ><div class='avia_textblock'  itemprop=\"text\" ><p>Machen Sie doch Ihren unternehmungslustigen Freunden und Verwandten ein Freude und verschenken sie Ausfl\u00fcge oder Stadtrundg\u00e4nge. Einfach eine Tour ausw\u00e4hlen und kurz mit mir Kontakt aufnehmen. Schreiben Sie mir eine E-Mail unter <span id=\"cloak37277\"><a href=\"mailto:info@stadtrundgaenge-leipzig.de\">info@stadtrundgaenge-leipzig.de<\/a><\/span> und nennen Sie mir Ihren Wunschbetrag oder Ihre Wunschtour. z. B. ein Rundgang zu zweit f\u00fcr 70 \u20ac.<\/p>\n<p>Ich schicken Ihnen den Gutschein dann <strong>versandkostenfrei<\/strong> nach Hause.<\/p>\n<p>Ihr Falk Hartwig Stadtf\u00fchrungen Leipzig<\/p>\n<p>Wiederitzscher Str. 15<\/p>\n<p>04155 Leipzig<\/p>\n<\/div><\/section>\n","protected":false},"excerpt":{"rendered":"","protected":false},"author":1,"featured_media":0,"parent":0,"menu_order":0,"comment_status":"closed","ping_status":"closed","template":"","meta":{"footnotes":""},"class_list":["post-3655","page","type-page","status-publish","hentry"],"yoast_head":"<!-- This site is optimized with the Yoast SEO plugin v27.4 - https:\/\/yoast.com\/product\/yoast-seo-wordpress\/ -->\n<title>Gutschein f\u00fcr eine private Stadtf\u00fchrung Leipzig<\/title>\n<meta name=\"description\" content=\"Gutschein f\u00fcr eine Private, individuelle Stadtf\u00fchrung. Verschenken Sie Wissen. z.Bsp. f\u00fcr 2 Personen! Entdecken Sie Leipzig abseits der Touristenpfade.\" \/>\n<meta name=\"robots\" content=\"index, follow, max-snippet:-1, max-image-preview:large, max-video-preview:-1\" \/>\n<link rel=\"canonical\" href=\"https:\/\/www.stadtrundgaenge-leipzig.de\/en\/voucher\/\" \/>\n<meta property=\"og:locale\" content=\"en_US\" \/>\n<meta property=\"og:type\" content=\"article\" \/>\n<meta property=\"og:title\" content=\"Gutschein f\u00fcr eine private Stadtf\u00fchrung Leipzig\" \/>\n<meta property=\"og:description\" content=\"Gutschein f\u00fcr eine Private, individuelle Stadtf\u00fchrung. Verschenken Sie Wissen. z.Bsp. f\u00fcr 2 Personen! Entdecken Sie Leipzig abseits der Touristenpfade.\" \/>\n<meta property=\"og:url\" content=\"https:\/\/www.stadtrundgaenge-leipzig.de\/en\/voucher\/\" \/>\n<meta property=\"og:site_name\" content=\"Falk Hartwig Stadtf\u00fchrung Leipzig-Privatf\u00fchrungen\" \/>\n<meta property=\"article:modified_time\" content=\"2020-01-23T15:36:28+00:00\" \/>\n<meta name=\"twitter:card\" content=\"summary_large_image\" \/>\n<meta name=\"twitter:label1\" content=\"Est. reading time\" \/>\n\t<meta name=\"twitter:data1\" content=\"1 minute\" \/>\n<script type=\"application\/ld+json\" class=\"yoast-schema-graph\">{\"@context\":\"https:\\\/\\\/schema.org\",\"@graph\":[{\"@type\":\"WebPage\",\"@id\":\"https:\\\/\\\/www.stadtrundgaenge-leipzig.de\\\/en\\\/voucher\\\/\",\"url\":\"https:\\\/\\\/www.stadtrundgaenge-leipzig.de\\\/en\\\/voucher\\\/\",\"name\":\"Gutschein f\u00fcr eine private Stadtf\u00fchrung Leipzig\",\"isPartOf\":{\"@id\":\"https:\\\/\\\/www.stadtrundgaenge-leipzig.de\\\/#website\"},\"datePublished\":\"2016-03-17T11:23:22+00:00\",\"dateModified\":\"2020-01-23T15:36:28+00:00\",\"description\":\"Gutschein f\u00fcr eine Private, individuelle Stadtf\u00fchrung. Verschenken Sie Wissen. z.Bsp. f\u00fcr 2 Personen! Entdecken Sie Leipzig abseits der Touristenpfade.\",\"breadcrumb\":{\"@id\":\"https:\\\/\\\/www.stadtrundgaenge-leipzig.de\\\/en\\\/voucher\\\/#breadcrumb\"},\"inLanguage\":\"en-US\",\"potentialAction\":[{\"@type\":\"ReadAction\",\"target\":[\"https:\\\/\\\/www.stadtrundgaenge-leipzig.de\\\/en\\\/voucher\\\/\"]}]},{\"@type\":\"BreadcrumbList\",\"@id\":\"https:\\\/\\\/www.stadtrundgaenge-leipzig.de\\\/en\\\/voucher\\\/#breadcrumb\",\"itemListElement\":[{\"@type\":\"ListItem\",\"position\":1,\"name\":\"Home\",\"item\":\"https:\\\/\\\/www.stadtrundgaenge-leipzig.de\\\/en\\\/\"},{\"@type\":\"ListItem\",\"position\":2,\"name\":\"Voucher\"}]},{\"@type\":\"WebSite\",\"@id\":\"https:\\\/\\\/www.stadtrundgaenge-leipzig.de\\\/#website\",\"url\":\"https:\\\/\\\/www.stadtrundgaenge-leipzig.de\\\/\",\"name\":\"Falk Hartwig Stadtf\u00fchrung Leipzig-Privatf\u00fchrungen\",\"description\":\"Individuelle und Private Stadtf\u00fchrungen in Leipzig\",\"potentialAction\":[{\"@type\":\"SearchAction\",\"target\":{\"@type\":\"EntryPoint\",\"urlTemplate\":\"https:\\\/\\\/www.stadtrundgaenge-leipzig.de\\\/?s={search_term_string}\"},\"query-input\":{\"@type\":\"PropertyValueSpecification\",\"valueRequired\":true,\"valueName\":\"search_term_string\"}}],\"inLanguage\":\"en-US\"}]}<\/script>\n<!-- \/ Yoast SEO plugin. -->","yoast_head_json":{"title":"Gutschein f\u00fcr eine private Stadtf\u00fchrung Leipzig","description":"Gutschein f\u00fcr eine Private, individuelle Stadtf\u00fchrung. Verschenken Sie Wissen. z.Bsp. f\u00fcr 2 Personen! Entdecken Sie Leipzig abseits der Touristenpfade.","robots":{"index":"index","follow":"follow","max-snippet":"max-snippet:-1","max-image-preview":"max-image-preview:large","max-video-preview":"max-video-preview:-1"},"canonical":"https:\/\/www.stadtrundgaenge-leipzig.de\/en\/voucher\/","og_locale":"en_US","og_type":"article","og_title":"Gutschein f\u00fcr eine private Stadtf\u00fchrung Leipzig","og_description":"Gutschein f\u00fcr eine Private, individuelle Stadtf\u00fchrung. Verschenken Sie Wissen. z.Bsp. f\u00fcr 2 Personen! Entdecken Sie Leipzig abseits der Touristenpfade.","og_url":"https:\/\/www.stadtrundgaenge-leipzig.de\/en\/voucher\/","og_site_name":"Falk Hartwig Stadtf\u00fchrung Leipzig-Privatf\u00fchrungen","article_modified_time":"2020-01-23T15:36:28+00:00","twitter_card":"summary_large_image","twitter_misc":{"Est. reading time":"1 minute"},"schema":{"@context":"https:\/\/schema.org","@graph":[{"@type":"WebPage","@id":"https:\/\/www.stadtrundgaenge-leipzig.de\/en\/voucher\/","url":"https:\/\/www.stadtrundgaenge-leipzig.de\/en\/voucher\/","name":"Gutschein f\u00fcr eine private Stadtf\u00fchrung Leipzig","isPartOf":{"@id":"https:\/\/www.stadtrundgaenge-leipzig.de\/#website"},"datePublished":"2016-03-17T11:23:22+00:00","dateModified":"2020-01-23T15:36:28+00:00","description":"Gutschein f\u00fcr eine Private, individuelle Stadtf\u00fchrung. Verschenken Sie Wissen. z.Bsp. f\u00fcr 2 Personen! Entdecken Sie Leipzig abseits der Touristenpfade.","breadcrumb":{"@id":"https:\/\/www.stadtrundgaenge-leipzig.de\/en\/voucher\/#breadcrumb"},"inLanguage":"en-US","potentialAction":[{"@type":"ReadAction","target":["https:\/\/www.stadtrundgaenge-leipzig.de\/en\/voucher\/"]}]},{"@type":"BreadcrumbList","@id":"https:\/\/www.stadtrundgaenge-leipzig.de\/en\/voucher\/#breadcrumb","itemListElement":[{"@type":"ListItem","position":1,"name":"Home","item":"https:\/\/www.stadtrundgaenge-leipzig.de\/en\/"},{"@type":"ListItem","position":2,"name":"Voucher"}]},{"@type":"WebSite","@id":"https:\/\/www.stadtrundgaenge-leipzig.de\/#website","url":"https:\/\/www.stadtrundgaenge-leipzig.de\/","name":"Falk Hartwig Stadtf\u00fchrung Leipzig-Privatf\u00fchrungen","description":"Individuelle und Private Stadtf\u00fchrungen in Leipzig","potentialAction":[{"@type":"SearchAction","target":{"@type":"EntryPoint","urlTemplate":"https:\/\/www.stadtrundgaenge-leipzig.de\/?s={search_term_string}"},"query-input":{"@type":"PropertyValueSpecification","valueRequired":true,"valueName":"search_term_string"}}],"inLanguage":"en-US"}]}},"_links":{"self":[{"href":"https:\/\/www.stadtrundgaenge-leipzig.de\/en\/wp-json\/wp\/v2\/pages\/3655","targetHints":{"allow":["GET"]}}],"collection":[{"href":"https:\/\/www.stadtrundgaenge-leipzig.de\/en\/wp-json\/wp\/v2\/pages"}],"about":[{"href":"https:\/\/www.stadtrundgaenge-leipzig.de\/en\/wp-json\/wp\/v2\/types\/page"}],"author":[{"embeddable":true,"href":"https:\/\/www.stadtrundgaenge-leipzig.de\/en\/wp-json\/wp\/v2\/users\/1"}],"replies":[{"embeddable":true,"href":"https:\/\/www.stadtrundgaenge-leipzig.de\/en\/wp-json\/wp\/v2\/comments?post=3655"}],"version-history":[{"count":3,"href":"https:\/\/www.stadtrundgaenge-leipzig.de\/en\/wp-json\/wp\/v2\/pages\/3655\/revisions"}],"predecessor-version":[{"id":3690,"href":"https:\/\/www.stadtrundgaenge-leipzig.de\/en\/wp-json\/wp\/v2\/pages\/3655\/revisions\/3690"}],"wp:attachment":[{"href":"https:\/\/www.stadtrundgaenge-leipzig.de\/en\/wp-json\/wp\/v2\/media?parent=3655"}],"curies":[{"name":"wp","href":"https:\/\/api.w.org\/{rel}","templated":true}]}}